{"id":1293,"date":"2021-03-23T16:50:56","date_gmt":"2021-03-23T16:50:56","guid":{"rendered":"http:\/\/simplekombucha.pl\/?page_id=1293"},"modified":"2021-12-13T09:29:50","modified_gmt":"2021-12-13T08:29:50","slug":"co-to-jest-kombucha","status":"publish","type":"page","link":"https:\/\/simplekombucha.pl\/index.php\/co-to-jest-kombucha\/","title":{"rendered":"Co to jest kombucha?"},"content":{"rendered":"\t\t<div data-elementor-type=\"wp-page\" data-elementor-id=\"1293\" class=\"elementor elementor-1293\">\n\t\t\t\t\t\t<section class=\"elementor-section elementor-top-section elementor-element elementor-element-56a3239c elementor-section-boxed elementor-section-height-default elementor-section-height-default\" data-id=\"56a3239c\" data-element_type=\"section\" data-e-type=\"section\">\n\t\t\t\t\t\t<div class=\"elementor-container elementor-column-gap-default\">\n\t\t\t\t\t<div class=\"elementor-column elementor-col-100 elementor-top-column elementor-element elementor-element-1da5a5e1\" data-id=\"1da5a5e1\" data-element_type=\"column\" data-e-type=\"column\">\n\t\t\t<div class=\"elementor-widget-wrap elementor-element-populated\">\n\t\t\t\t\t\t<div class=\"elementor-element elementor-element-253bf1f elementor-widget elementor-widget-heading\" data-id=\"253bf1f\" data-element_type=\"widget\" data-e-type=\"widget\" data-widget_type=\"heading.default\">\n\t\t\t\t<div class=\"elementor-widget-container\">\n\t\t\t\t\t<h2 class=\"elementor-heading-title elementor-size-default\">Co to jest kombucha?<\/h2>\t\t\t\t<\/div>\n\t\t\t\t<\/div>\n\t\t\t\t\t<\/div>\n\t\t<\/div>\n\t\t\t\t\t<\/div>\n\t\t<\/section>\n\t\t\t\t<section class=\"elementor-section elementor-top-section elementor-element elementor-element-5f606a7 elementor-section-content-middle elementor-section-boxed elementor-section-height-default elementor-section-height-default\" data-id=\"5f606a7\" data-element_type=\"section\" data-e-type=\"section\">\n\t\t\t\t\t\t<div class=\"elementor-container elementor-column-gap-default\">\n\t\t\t\t\t<div class=\"elementor-column elementor-col-33 elementor-top-column elementor-element elementor-element-5547fc7\" data-id=\"5547fc7\" data-element_type=\"column\" data-e-type=\"column\">\n\t\t\t<div class=\"elementor-widget-wrap elementor-element-populated\">\n\t\t\t\t\t\t<div class=\"elementor-element elementor-element-71e927a elementor-widget elementor-widget-image\" data-id=\"71e927a\" data-element_type=\"widget\" data-e-type=\"widget\" data-widget_type=\"image.default\">\n\t\t\t\t<div class=\"elementor-widget-container\">\n\t\t\t\t\t\t\t\t\t\t\t\t\t\t\t<img fetchpriority=\"high\" decoding=\"async\" width=\"250\" height=\"313\" src=\"https:\/\/simplekombucha.pl\/wp-content\/uploads\/2021\/03\/simple-kombucha-co-to-jak-sie-robi.png\" class=\"attachment-full size-full wp-image-1296\" alt=\"ikona informacji o tym co to jest kombucha\" srcset=\"https:\/\/simplekombucha.pl\/wp-content\/uploads\/2021\/03\/simple-kombucha-co-to-jak-sie-robi.png 250w, https:\/\/simplekombucha.pl\/wp-content\/uploads\/2021\/03\/simple-kombucha-co-to-jak-sie-robi-240x300.png 240w\" sizes=\"(max-width: 250px) 100vw, 250px\" \/>\t\t\t\t\t\t\t\t\t\t\t\t\t\t\t<\/div>\n\t\t\t\t<\/div>\n\t\t\t\t\t<\/div>\n\t\t<\/div>\n\t\t\t\t<div class=\"elementor-column elementor-col-66 elementor-top-column elementor-element elementor-element-72f284f\" data-id=\"72f284f\" data-element_type=\"column\" data-e-type=\"column\">\n\t\t\t<div class=\"elementor-widget-wrap elementor-element-populated\">\n\t\t\t\t\t\t<div class=\"elementor-element elementor-element-b924e5a elementor-widget elementor-widget-text-editor\" data-id=\"b924e5a\" data-element_type=\"widget\" data-e-type=\"widget\" data-widget_type=\"text-editor.default\">\n\t\t\t\t<div class=\"elementor-widget-container\">\n\t\t\t\t\t\t\t\t\t<p>Kombucha w du\u017cym skr\u00f3cie to fermentowana herbata. \u017beby tak naprawd\u0119 zrozumie\u0107 czym jest kombucha, trzeba si\u0119 nieco zag\u0142\u0119bi\u0107 w proces fermentacji.<\/p>\t\t\t\t\t\t\t\t<\/div>\n\t\t\t\t<\/div>\n\t\t\t\t\t<\/div>\n\t\t<\/div>\n\t\t\t\t\t<\/div>\n\t\t<\/section>\n\t\t\t\t<section class=\"elementor-section elementor-top-section elementor-element elementor-element-606c604 elementor-section-content-middle elementor-section-boxed elementor-section-height-default elementor-section-height-default\" data-id=\"606c604\" data-element_type=\"section\" data-e-type=\"section\">\n\t\t\t\t\t\t<div class=\"elementor-container elementor-column-gap-default\">\n\t\t\t\t\t<div class=\"elementor-column elementor-col-33 elementor-top-column elementor-element elementor-element-6bf61ad\" data-id=\"6bf61ad\" data-element_type=\"column\" data-e-type=\"column\">\n\t\t\t<div class=\"elementor-widget-wrap elementor-element-populated\">\n\t\t\t\t\t\t<div class=\"elementor-element elementor-element-abac054 elementor-widget elementor-widget-image\" data-id=\"abac054\" data-element_type=\"widget\" data-e-type=\"widget\" data-widget_type=\"image.default\">\n\t\t\t\t<div class=\"elementor-widget-container\">\n\t\t\t\t\t\t\t\t\t\t\t\t\t\t\t<img decoding=\"async\" width=\"252\" height=\"316\" src=\"https:\/\/simplekombucha.pl\/wp-content\/uploads\/2021\/03\/simple-kombucha-co-to-jak-sie-robi-skladniki-herbata-scoby-cukier.png\" class=\"attachment-full size-full wp-image-1299\" alt=\"ikona informacji o tym jakie s\u0105 sk\u0142adniki kombuchy\" srcset=\"https:\/\/simplekombucha.pl\/wp-content\/uploads\/2021\/03\/simple-kombucha-co-to-jak-sie-robi-skladniki-herbata-scoby-cukier.png 252w, https:\/\/simplekombucha.pl\/wp-content\/uploads\/2021\/03\/simple-kombucha-co-to-jak-sie-robi-skladniki-herbata-scoby-cukier-239x300.png 239w\" sizes=\"(max-width: 252px) 100vw, 252px\" \/>\t\t\t\t\t\t\t\t\t\t\t\t\t\t\t<\/div>\n\t\t\t\t<\/div>\n\t\t\t\t\t<\/div>\n\t\t<\/div>\n\t\t\t\t<div class=\"elementor-column elementor-col-66 elementor-top-column elementor-element elementor-element-8e40869\" data-id=\"8e40869\" data-element_type=\"column\" data-e-type=\"column\">\n\t\t\t<div class=\"elementor-widget-wrap elementor-element-populated\">\n\t\t\t\t\t\t<div class=\"elementor-element elementor-element-79dec0b elementor-widget elementor-widget-text-editor\" data-id=\"79dec0b\" data-element_type=\"widget\" data-e-type=\"widget\" data-widget_type=\"text-editor.default\">\n\t\t\t\t<div class=\"elementor-widget-container\">\n\t\t\t\t\t\t\t\t\t<p>Kombucha powstaje z naparu herbaty, cukru i SCOBY (symbiotycznych kultur bakterii i dro\u017cd\u017cy) \u2013 to one s\u0105 kluczowym elementem w ca\u0142ym procesie. \u0141\u0105czymy te wszystkie sk\u0142adniki, a nast\u0119pnie pozostawiamy je w ciep\u0142ym miejscu na oko\u0142o 4-5 tygodni.&nbsp;<\/p>\t\t\t\t\t\t\t\t<\/div>\n\t\t\t\t<\/div>\n\t\t\t\t\t<\/div>\n\t\t<\/div>\n\t\t\t\t\t<\/div>\n\t\t<\/section>\n\t\t\t\t<section class=\"elementor-section elementor-top-section elementor-element elementor-element-b1a283f elementor-section-content-middle elementor-section-boxed elementor-section-height-default elementor-section-height-default\" data-id=\"b1a283f\" data-element_type=\"section\" data-e-type=\"section\">\n\t\t\t\t\t\t<div class=\"elementor-container elementor-column-gap-default\">\n\t\t\t\t\t<div class=\"elementor-column elementor-col-33 elementor-top-column elementor-element elementor-element-cf2f0bd\" data-id=\"cf2f0bd\" data-element_type=\"column\" data-e-type=\"column\">\n\t\t\t<div class=\"elementor-widget-wrap elementor-element-populated\">\n\t\t\t\t\t\t<div class=\"elementor-element elementor-element-404bae7 elementor-widget elementor-widget-image\" data-id=\"404bae7\" data-element_type=\"widget\" data-e-type=\"widget\" data-widget_type=\"image.default\">\n\t\t\t\t<div class=\"elementor-widget-container\">\n\t\t\t\t\t\t\t\t\t\t\t\t\t\t\t<img decoding=\"async\" width=\"313\" height=\"361\" src=\"https:\/\/simplekombucha.pl\/wp-content\/uploads\/2021\/03\/simple-kombucha-co-to-jak-sie-robi-proces-fermentacja-magia.png\" class=\"attachment-full size-full wp-image-1297\" alt=\"ikona informacji o tym jak przebiega proces fermentacji herbaty na kombuch\u0119\" srcset=\"https:\/\/simplekombucha.pl\/wp-content\/uploads\/2021\/03\/simple-kombucha-co-to-jak-sie-robi-proces-fermentacja-magia.png 313w, https:\/\/simplekombucha.pl\/wp-content\/uploads\/2021\/03\/simple-kombucha-co-to-jak-sie-robi-proces-fermentacja-magia-260x300.png 260w\" sizes=\"(max-width: 313px) 100vw, 313px\" \/>\t\t\t\t\t\t\t\t\t\t\t\t\t\t\t<\/div>\n\t\t\t\t<\/div>\n\t\t\t\t\t<\/div>\n\t\t<\/div>\n\t\t\t\t<div class=\"elementor-column elementor-col-66 elementor-top-column elementor-element elementor-element-675a63d\" data-id=\"675a63d\" data-element_type=\"column\" data-e-type=\"column\">\n\t\t\t<div class=\"elementor-widget-wrap elementor-element-populated\">\n\t\t\t\t\t\t<div class=\"elementor-element elementor-element-e0c3858 elementor-widget elementor-widget-text-editor\" data-id=\"e0c3858\" data-element_type=\"widget\" data-e-type=\"widget\" data-widget_type=\"text-editor.default\">\n\t\t\t\t<div class=\"elementor-widget-container\">\n\t\t\t\t\t\t\t\t\t<p>W tym czasie dzieje si\u0119 ca\u0142a magia. Dobre bakterie i dro\u017cd\u017ce przetwarzaj\u0105 cukier (sacharoz\u0119) na \u0142atwiej przyswajalne cukry: glukoz\u0119 i fruktoz\u0119. W wyniku ci\u0105g\u0142ej fermentacji te r\u00f3wnie\u017c przetwarzaj\u0105 si\u0119 w bardzo cenne sk\u0142adniki od\u017cywcze: kwasy organiczne (mlekowy, octowy, glukonowy). Poza nimi w fermencie powstaje mn\u00f3stwo witamin (B, C), minera\u0142\u00f3w, antyoksydant\u00f3w, enzym\u00f3w, polifenoli i wydziela si\u0119 naturalny gaz. Zmienia si\u0119 smak fermentu ze s\u0142odkiego na s\u0142odko-kwa\u015bny.<\/p>\t\t\t\t\t\t\t\t<\/div>\n\t\t\t\t<\/div>\n\t\t\t\t\t<\/div>\n\t\t<\/div>\n\t\t\t\t\t<\/div>\n\t\t<\/section>\n\t\t\t\t<section class=\"elementor-section elementor-top-section elementor-element elementor-element-883eb56 elementor-section-content-middle elementor-section-boxed elementor-section-height-default elementor-section-height-default\" data-id=\"883eb56\" data-element_type=\"section\" data-e-type=\"section\">\n\t\t\t\t\t\t<div class=\"elementor-container elementor-column-gap-default\">\n\t\t\t\t\t<div class=\"elementor-column elementor-col-33 elementor-top-column elementor-element elementor-element-d2367fd\" data-id=\"d2367fd\" data-element_type=\"column\" data-e-type=\"column\">\n\t\t\t<div class=\"elementor-widget-wrap elementor-element-populated\">\n\t\t\t\t\t\t<div class=\"elementor-element elementor-element-7865a84 elementor-widget elementor-widget-image\" data-id=\"7865a84\" data-element_type=\"widget\" data-e-type=\"widget\" data-widget_type=\"image.default\">\n\t\t\t\t<div class=\"elementor-widget-container\">\n\t\t\t\t\t\t\t\t\t\t\t\t\t\t\t<img loading=\"lazy\" decoding=\"async\" width=\"248\" height=\"321\" src=\"https:\/\/simplekombucha.pl\/wp-content\/uploads\/2021\/03\/simple-kombucha-co-to-jak-sie-robi-skladniki-dodatki-smak-kwiaty-owoce.png\" class=\"attachment-full size-full wp-image-1298\" alt=\"ikona informacji o tym jakie s\u0105 dodatki smakowe do kombuchy, kwiaty i owoce\" srcset=\"https:\/\/simplekombucha.pl\/wp-content\/uploads\/2021\/03\/simple-kombucha-co-to-jak-sie-robi-skladniki-dodatki-smak-kwiaty-owoce.png 248w, https:\/\/simplekombucha.pl\/wp-content\/uploads\/2021\/03\/simple-kombucha-co-to-jak-sie-robi-skladniki-dodatki-smak-kwiaty-owoce-232x300.png 232w\" sizes=\"(max-width: 248px) 100vw, 248px\" \/>\t\t\t\t\t\t\t\t\t\t\t\t\t\t\t<\/div>\n\t\t\t\t<\/div>\n\t\t\t\t\t<\/div>\n\t\t<\/div>\n\t\t\t\t<div class=\"elementor-column elementor-col-66 elementor-top-column elementor-element elementor-element-3573333\" data-id=\"3573333\" data-element_type=\"column\" data-e-type=\"column\">\n\t\t\t<div class=\"elementor-widget-wrap elementor-element-populated\">\n\t\t\t\t\t\t<div class=\"elementor-element elementor-element-3c1ddae elementor-widget elementor-widget-text-editor\" data-id=\"3c1ddae\" data-element_type=\"widget\" data-e-type=\"widget\" data-widget_type=\"text-editor.default\">\n\t\t\t\t<div class=\"elementor-widget-container\">\n\t\t\t\t\t\t\t\t\t<p>W odpowiednim momencie dodajemy do kombuchy zio\u0142a, kwiaty i owoce. W ten spos\u00f3b nadajemy naszej kombuchy ostateczny smak. Nie u\u017cywamy konserwant\u00f3w, chemii, wzmacniaczy smaku, barwnik\u00f3w, aromat\u00f3w. Nie pasteryzujemy naszego produktu. Zamykamy w butelkach prawdziwie \u017cywy produkt, w pe\u0142ni naturalny i warto\u015bciowy.&nbsp;Kombucha znana by\u0142a ju\u017c tysi\u0105ce lat temu w Azji gdzie stosowano j\u0105 jako lekarstwo. St\u0105d nazywa si\u0119 j\u0105 \u201eeliksirem zdrowia\u201d<\/p>\t\t\t\t\t\t\t\t<\/div>\n\t\t\t\t<\/div>\n\t\t\t\t\t<\/div>\n\t\t<\/div>\n\t\t\t\t\t<\/div>\n\t\t<\/section>\n\t\t\t\t<section class=\"elementor-section elementor-top-section elementor-element elementor-element-fe0444a elementor-section-boxed elementor-section-height-default elementor-section-height-default\" data-id=\"fe0444a\" data-element_type=\"section\" data-e-type=\"section\">\n\t\t\t\t\t\t<div class=\"elementor-container elementor-column-gap-default\">\n\t\t\t\t\t<div class=\"elementor-column elementor-col-100 elementor-top-column elementor-element elementor-element-2114cd5\" data-id=\"2114cd5\" data-element_type=\"column\" data-e-type=\"column\">\n\t\t\t<div class=\"elementor-widget-wrap elementor-element-populated\">\n\t\t\t\t\t\t<div class=\"elementor-element elementor-element-978d629 elementor-widget elementor-widget-spacer\" data-id=\"978d629\" data-element_type=\"widget\" data-e-type=\"widget\" data-widget_type=\"spacer.default\">\n\t\t\t\t<div class=\"elementor-widget-container\">\n\t\t\t\t\t\t\t<div class=\"elementor-spacer\">\n\t\t\t<div class=\"elementor-spacer-inner\"><\/div>\n\t\t<\/div>\n\t\t\t\t\t\t<\/div>\n\t\t\t\t<\/div>\n\t\t\t\t\t<\/div>\n\t\t<\/div>\n\t\t\t\t\t<\/div>\n\t\t<\/section>\n\t\t\t\t<\/div>\n\t\t","protected":false},"excerpt":{"rendered":"<p>Co to jest kombucha? Kombucha w du\u017cym skr\u00f3cie to fermentowana herbata. \u017beby tak naprawd\u0119 zrozumie\u0107 czym jest kombucha, trzeba si\u0119&#8230;<\/p>\n","protected":false},"author":1,"featured_media":0,"parent":0,"menu_order":0,"comment_status":"closed","ping_status":"closed","template":"","meta":{"footnotes":""},"class_list":["post-1293","page","type-page","status-publish","hentry"],"_links":{"self":[{"href":"https:\/\/simplekombucha.pl\/index.php\/wp-json\/wp\/v2\/pages\/1293"}],"collection":[{"href":"https:\/\/simplekombucha.pl\/index.php\/wp-json\/wp\/v2\/pages"}],"about":[{"href":"https:\/\/simplekombucha.pl\/index.php\/wp-json\/wp\/v2\/types\/page"}],"author":[{"embeddable":true,"href":"https:\/\/simplekombucha.pl\/index.php\/wp-json\/wp\/v2\/users\/1"}],"replies":[{"embeddable":true,"href":"https:\/\/simplekombucha.pl\/index.php\/wp-json\/wp\/v2\/comments?post=1293"}],"version-history":[{"count":26,"href":"https:\/\/simplekombucha.pl\/index.php\/wp-json\/wp\/v2\/pages\/1293\/revisions"}],"predecessor-version":[{"id":1969,"href":"https:\/\/simplekombucha.pl\/index.php\/wp-json\/wp\/v2\/pages\/1293\/revisions\/1969"}],"wp:attachment":[{"href":"https:\/\/simplekombucha.pl\/index.php\/wp-json\/wp\/v2\/media?parent=1293"}],"curies":[{"name":"wp","href":"https:\/\/api.w.org\/{rel}","templated":true}]}}