{"id":1428,"date":"2021-03-29T16:55:18","date_gmt":"2021-03-29T14:55:18","guid":{"rendered":"http:\/\/simplekombucha.pl\/?page_id=1428"},"modified":"2021-12-28T11:51:35","modified_gmt":"2021-12-28T10:51:35","slug":"filozofia-simple-kombucha","status":"publish","type":"page","link":"https:\/\/simplekombucha.pl\/index.php\/filozofia-simple-kombucha\/","title":{"rendered":"Filozofia Simple Kombucha"},"content":{"rendered":"\t\t<div data-elementor-type=\"wp-page\" data-elementor-id=\"1428\" class=\"elementor elementor-1428\">\n\t\t\t\t\t\t<section class=\"elementor-section elementor-top-section elementor-element elementor-element-56a3239c elementor-section-boxed elementor-section-height-default elementor-section-height-default\" data-id=\"56a3239c\" data-element_type=\"section\" data-e-type=\"section\">\n\t\t\t\t\t\t<div class=\"elementor-container elementor-column-gap-default\">\n\t\t\t\t\t<div class=\"elementor-column elementor-col-100 elementor-top-column elementor-element elementor-element-1da5a5e1\" data-id=\"1da5a5e1\" data-element_type=\"column\" data-e-type=\"column\">\n\t\t\t<div class=\"elementor-widget-wrap elementor-element-populated\">\n\t\t\t\t\t\t<div class=\"elementor-element elementor-element-253bf1f elementor-widget elementor-widget-heading\" data-id=\"253bf1f\" data-element_type=\"widget\" data-e-type=\"widget\" data-widget_type=\"heading.default\">\n\t\t\t\t<div class=\"elementor-widget-container\">\n\t\t\t\t\t<h2 class=\"elementor-heading-title elementor-size-default\">Nasza Historia<\/h2>\t\t\t\t<\/div>\n\t\t\t\t<\/div>\n\t\t\t\t\t<\/div>\n\t\t<\/div>\n\t\t\t\t\t<\/div>\n\t\t<\/section>\n\t\t\t\t<section class=\"elementor-section elementor-top-section elementor-element elementor-element-308b84d elementor-section-content-middle elementor-section-full_width elementor-section-height-default elementor-section-height-default\" data-id=\"308b84d\" data-element_type=\"section\" data-e-type=\"section\">\n\t\t\t\t\t\t<div class=\"elementor-container elementor-column-gap-default\">\n\t\t\t\t\t<div class=\"elementor-column elementor-col-33 elementor-top-column elementor-element elementor-element-f1ff3b8\" data-id=\"f1ff3b8\" data-element_type=\"column\" data-e-type=\"column\">\n\t\t\t<div class=\"elementor-widget-wrap elementor-element-populated\">\n\t\t\t\t\t\t<div class=\"elementor-element elementor-element-e1f6747 elementor-widget elementor-widget-image\" data-id=\"e1f6747\" data-element_type=\"widget\" data-e-type=\"widget\" data-widget_type=\"image.default\">\n\t\t\t\t<div class=\"elementor-widget-container\">\n\t\t\t\t\t\t\t\t\t\t\t\t\t\t\t<img fetchpriority=\"high\" decoding=\"async\" width=\"630\" height=\"500\" src=\"https:\/\/simplekombucha.pl\/wp-content\/uploads\/2021\/04\/simple-kombucha-renata-wlascicielka-kapinos-japonia.png\" class=\"attachment-large size-large wp-image-1573\" alt=\"Portret w\u0142a\u015bcicielki Simple Kombucha, Renaty Kapinos w Japonii\" srcset=\"https:\/\/simplekombucha.pl\/wp-content\/uploads\/2021\/04\/simple-kombucha-renata-wlascicielka-kapinos-japonia.png 630w, https:\/\/simplekombucha.pl\/wp-content\/uploads\/2021\/04\/simple-kombucha-renata-wlascicielka-kapinos-japonia-300x238.png 300w, https:\/\/simplekombucha.pl\/wp-content\/uploads\/2021\/04\/simple-kombucha-renata-wlascicielka-kapinos-japonia-600x476.png 600w\" sizes=\"(max-width: 630px) 100vw, 630px\" \/>\t\t\t\t\t\t\t\t\t\t\t\t\t\t\t<\/div>\n\t\t\t\t<\/div>\n\t\t\t\t\t<\/div>\n\t\t<\/div>\n\t\t\t\t<div class=\"elementor-column elementor-col-66 elementor-top-column elementor-element elementor-element-1ad0504\" data-id=\"1ad0504\" data-element_type=\"column\" data-e-type=\"column\">\n\t\t\t<div class=\"elementor-widget-wrap elementor-element-populated\">\n\t\t\t\t\t\t<div class=\"elementor-element elementor-element-0cc88db elementor-widget elementor-widget-text-editor\" data-id=\"0cc88db\" data-element_type=\"widget\" data-e-type=\"widget\" data-widget_type=\"text-editor.default\">\n\t\t\t\t<div class=\"elementor-widget-container\">\n\t\t\t\t\t\t\t\t\t<p>Pierwszy raz spotkali\u015bmy si\u0119 z kombuch\u0105 na stacji kolejowej w Japonii w 2018 podczas Hanami &#8211; \u015bwi\u0119ta kwitn\u0105cej wi\u015bni. To by\u0142o to. Sch\u0142odzona fermentowana zielona herbata, lekko kwa\u015bna, lekko s\u0142odka, o nieznanym nam do tej pory smaku. Wzbudzi\u0142a w nas fascynacj\u0119, do tego stopnia, \u017ce postanowili\u015bmy sami j\u0105 zrobi\u0107 po powrocie do Polski. I tak w naszej kuchni zacz\u0119\u0142y si\u0119 pojawia\u0107 co raz to nowe s\u0142oje z fermentuj\u0105ca kombuch\u0105. Odkrywali\u015bmy tajniki\u00a0 fermentowania i kiszenia \u017cywno\u015bci, prostych metod znanych od tysi\u0105cleci. Z pasj\u0105 tworzyli\u015bmy nowe smaki, kt\u00f3rymi zachwycali si\u0119 znajomi i rodzina. Wtedy pojawi\u0142 si\u0119 pomys\u0142 na fermentowanie kombuchy na wi\u0119ksz\u0105 skal\u0119.<\/p>\t\t\t\t\t\t\t\t<\/div>\n\t\t\t\t<\/div>\n\t\t\t\t\t<\/div>\n\t\t<\/div>\n\t\t\t\t\t<\/div>\n\t\t<\/section>\n\t\t\t\t<section class=\"elementor-section elementor-top-section elementor-element elementor-element-41f3424 elementor-section-content-middle elementor-section-full_width elementor-section-height-default elementor-section-height-default\" data-id=\"41f3424\" data-element_type=\"section\" data-e-type=\"section\">\n\t\t\t\t\t\t<div class=\"elementor-container elementor-column-gap-default\">\n\t\t\t\t\t<div class=\"elementor-column elementor-col-66 elementor-top-column elementor-element elementor-element-f1ffa79\" data-id=\"f1ffa79\" data-element_type=\"column\" data-e-type=\"column\">\n\t\t\t<div class=\"elementor-widget-wrap elementor-element-populated\">\n\t\t\t\t\t\t<div class=\"elementor-element elementor-element-22223a8 elementor-widget elementor-widget-text-editor\" data-id=\"22223a8\" data-element_type=\"widget\" data-e-type=\"widget\" data-widget_type=\"text-editor.default\">\n\t\t\t\t<div class=\"elementor-widget-container\">\n\t\t\t\t\t\t\t\t\t<p><span style=\"letter-spacing: 0.8px;\">Przez 20 lat mieszkali\u015bmy w Stanach \u017cyj\u0105c \u201eAmerican dream\u201d, pracuj\u0105c w korporacjach, goni\u0105c terminy, p\u0119dz\u0105c do przedszkola, do supermarketu, do pracy, b\u0119d\u0105c go\u015bciem w swoim domu. U\u015bwiadomili\u015bmy sobie, \u017ce nie o to chodzi w \u017cyciu. Nie mo\u017cna prze\u017cy\u0107 go w p\u0119dzie. \u017bycie jest proste, ludzie sami go komplikuj\u0105. Promuj\u0105c mark\u0119 Simple Kombucha chcemy promowa\u0107 powr\u00f3t do naszych korzeni, do natury, do prostych metod oraz prostego \u017cycia. Stworzyli\u015bmy produkt, kt\u00f3ry jest dobry bo jest prosty.<\/span><\/p>\t\t\t\t\t\t\t\t<\/div>\n\t\t\t\t<\/div>\n\t\t\t\t\t<\/div>\n\t\t<\/div>\n\t\t\t\t<div class=\"elementor-column elementor-col-33 elementor-top-column elementor-element elementor-element-a8d948d\" data-id=\"a8d948d\" data-element_type=\"column\" data-e-type=\"column\">\n\t\t\t<div class=\"elementor-widget-wrap elementor-element-populated\">\n\t\t\t\t\t\t<div class=\"elementor-element elementor-element-9060f0f elementor-widget elementor-widget-image\" data-id=\"9060f0f\" data-element_type=\"widget\" data-e-type=\"widget\" data-widget_type=\"image.default\">\n\t\t\t\t<div class=\"elementor-widget-container\">\n\t\t\t\t\t\t\t\t\t\t\t\t\t\t\t<img decoding=\"async\" width=\"630\" height=\"310\" src=\"https:\/\/simplekombucha.pl\/wp-content\/uploads\/2021\/04\/simple-kombucha-wytwornia-krajobraz-mochnaczka-nizna-krynica-zdroj.png\" class=\"attachment-large size-large wp-image-1658\" alt=\"Krajobraz okolic wytw\u00f3rni Simple Kombucha w Mochnaczce Ni\u017cnej\" srcset=\"https:\/\/simplekombucha.pl\/wp-content\/uploads\/2021\/04\/simple-kombucha-wytwornia-krajobraz-mochnaczka-nizna-krynica-zdroj.png 630w, https:\/\/simplekombucha.pl\/wp-content\/uploads\/2021\/04\/simple-kombucha-wytwornia-krajobraz-mochnaczka-nizna-krynica-zdroj-300x148.png 300w, https:\/\/simplekombucha.pl\/wp-content\/uploads\/2021\/04\/simple-kombucha-wytwornia-krajobraz-mochnaczka-nizna-krynica-zdroj-600x295.png 600w\" sizes=\"(max-width: 630px) 100vw, 630px\" \/>\t\t\t\t\t\t\t\t\t\t\t\t\t\t\t<\/div>\n\t\t\t\t<\/div>\n\t\t\t\t\t<\/div>\n\t\t<\/div>\n\t\t\t\t\t<\/div>\n\t\t<\/section>\n\t\t\t\t<section class=\"elementor-section elementor-top-section elementor-element elementor-element-fe0444a elementor-section-boxed elementor-section-height-default elementor-section-height-default\" data-id=\"fe0444a\" data-element_type=\"section\" data-e-type=\"section\">\n\t\t\t\t\t\t<div class=\"elementor-container elementor-column-gap-default\">\n\t\t\t\t\t<div class=\"elementor-column elementor-col-100 elementor-top-column elementor-element elementor-element-2114cd5\" data-id=\"2114cd5\" data-element_type=\"column\" data-e-type=\"column\">\n\t\t\t<div class=\"elementor-widget-wrap elementor-element-populated\">\n\t\t\t\t\t\t<div class=\"elementor-element elementor-element-978d629 elementor-widget elementor-widget-spacer\" data-id=\"978d629\" data-element_type=\"widget\" data-e-type=\"widget\" data-widget_type=\"spacer.default\">\n\t\t\t\t<div class=\"elementor-widget-container\">\n\t\t\t\t\t\t\t<div class=\"elementor-spacer\">\n\t\t\t<div class=\"elementor-spacer-inner\"><\/div>\n\t\t<\/div>\n\t\t\t\t\t\t<\/div>\n\t\t\t\t<\/div>\n\t\t\t\t\t<\/div>\n\t\t<\/div>\n\t\t\t\t\t<\/div>\n\t\t<\/section>\n\t\t\t\t<\/div>\n\t\t","protected":false},"excerpt":{"rendered":"<p>Nasza Historia Pierwszy raz spotkali\u015bmy si\u0119 z kombuch\u0105 na stacji kolejowej w Japonii w 2018 podczas Hanami &#8211; \u015bwi\u0119ta kwitn\u0105cej&#8230;<\/p>\n","protected":false},"author":1,"featured_media":0,"parent":0,"menu_order":0,"comment_status":"closed","ping_status":"closed","template":"","meta":{"footnotes":""},"class_list":["post-1428","page","type-page","status-publish","hentry"],"_links":{"self":[{"href":"https:\/\/simplekombucha.pl\/index.php\/wp-json\/wp\/v2\/pages\/1428"}],"collection":[{"href":"https:\/\/simplekombucha.pl\/index.php\/wp-json\/wp\/v2\/pages"}],"about":[{"href":"https:\/\/simplekombucha.pl\/index.php\/wp-json\/wp\/v2\/types\/page"}],"author":[{"embeddable":true,"href":"https:\/\/simplekombucha.pl\/index.php\/wp-json\/wp\/v2\/users\/1"}],"replies":[{"embeddable":true,"href":"https:\/\/simplekombucha.pl\/index.php\/wp-json\/wp\/v2\/comments?post=1428"}],"version-history":[{"count":34,"href":"https:\/\/simplekombucha.pl\/index.php\/wp-json\/wp\/v2\/pages\/1428\/revisions"}],"predecessor-version":[{"id":1979,"href":"https:\/\/simplekombucha.pl\/index.php\/wp-json\/wp\/v2\/pages\/1428\/revisions\/1979"}],"wp:attachment":[{"href":"https:\/\/simplekombucha.pl\/index.php\/wp-json\/wp\/v2\/media?parent=1428"}],"curies":[{"name":"wp","href":"https:\/\/api.w.org\/{rel}","templated":true}]}}