{"id":590,"date":"2019-03-08T07:02:16","date_gmt":"2019-03-08T07:02:16","guid":{"rendered":"https:\/\/woostify.com\/demos\/fashion1\/?page_id=590"},"modified":"2021-05-05T14:35:03","modified_gmt":"2021-05-05T12:35:03","slug":"sklep-simple-kombucha","status":"publish","type":"page","link":"https:\/\/simplekombucha.pl\/index.php\/sklep-simple-kombucha\/","title":{"rendered":"Shop Full Width"},"content":{"rendered":"\t\t<div data-elementor-type=\"wp-post\" data-elementor-id=\"590\" class=\"elementor elementor-590\">\n\t\t\t\t\t\t<section class=\"elementor-section elementor-top-section elementor-element elementor-element-9b73450 elementor-section-boxed elementor-section-height-default elementor-section-height-default\" data-id=\"9b73450\" data-element_type=\"section\" data-e-type=\"section\">\n\t\t\t\t\t\t<div class=\"elementor-container elementor-column-gap-default\">\n\t\t\t\t\t<div class=\"elementor-column elementor-col-100 elementor-top-column elementor-element elementor-element-e4d35eb\" data-id=\"e4d35eb\" data-element_type=\"column\" data-e-type=\"column\">\n\t\t\t<div class=\"elementor-widget-wrap elementor-element-populated\">\n\t\t\t\t\t\t<div class=\"elementor-element elementor-element-ecb9792 elementor-widget elementor-widget-shortcode\" data-id=\"ecb9792\" data-element_type=\"widget\" data-e-type=\"widget\" data-widget_type=\"shortcode.default\">\n\t\t\t\t<div class=\"elementor-widget-container\">\n\t\t\t\t\t\t\t<div class=\"elementor-shortcode\"><div class=\"woocommerce columns-4 \"><div class=\"woostify-sorting\"><div class=\"woocommerce-notices-wrapper\"><\/div><p class=\"woocommerce-result-count\" >\n\tWy\u015bwietlanie wszystkich wynik\u00f3w: 7<\/p>\n\t\t<button id=\"toggle-sidebar-mobile-button\" class=\"ti-filter\">Filter<\/button>\n\t\t<form class=\"woocommerce-ordering\" method=\"get\">\n\t\t<select\n\t\tname=\"orderby\"\n\t\tclass=\"orderby\"\n\t\t\t\t\taria-label=\"Zam\u00f3wienie w sklepie\"\n\t\t\t>\n\t\t\t\t\t<option value=\"menu_order\"  selected='selected'>Domy\u015blne sortowanie<\/option>\n\t\t\t\t\t<option value=\"popularity\" >Sortuj wg popularno\u015bci<\/option>\n\t\t\t\t\t<option value=\"rating\" >Sortuj wg \u015bredniej oceny<\/option>\n\t\t\t\t\t<option value=\"date\" >Sortuj od najnowszych<\/option>\n\t\t\t\t\t<option value=\"price\" >Sortuj po cenie od najni\u017cszej<\/option>\n\t\t\t\t\t<option value=\"price-desc\" >Sortuj po cenie od najwy\u017cszej<\/option>\n\t\t\t<\/select>\n\t<input type=\"hidden\" name=\"paged\" value=\"1\" \/>\n\t<\/form>\n<\/div>\t\t<ul class=\"products columns-4 tablet-columns-2 mobile-columns-2\">\n\t\t<li class=\"product type-product post-2261 status-publish first instock product_cat-uncategorized has-post-thumbnail shipping-taxable purchasable product-type-simple\">\n\t\t\t<div class=\"product-loop-wrapper\">\n\t\t<div class=\"product-loop-image-wrapper\">\t\t<div class=\"product-loop-action\"><\/div>\n\t\t<a href=\"https:\/\/simplekombucha.pl\/index.php\/product\/10-x-kombucha-mieta-limonka\/\" class=\"woocommerce-LoopProduct-link woocommerce-loop-product__link\"><img fetchpriority=\"high\" decoding=\"async\" width=\"300\" height=\"300\" src=\"https:\/\/simplekombucha.pl\/wp-content\/uploads\/2024\/04\/butelka-simple-kombucha-smak-mieta-limonka-sklep-300x300.png\" class=\"attachment-woocommerce_thumbnail size-woocommerce_thumbnail product-loop-image\" alt=\"Product image\" srcset=\"https:\/\/simplekombucha.pl\/wp-content\/uploads\/2024\/04\/butelka-simple-kombucha-smak-mieta-limonka-sklep-300x300.png 300w, https:\/\/simplekombucha.pl\/wp-content\/uploads\/2024\/04\/butelka-simple-kombucha-smak-mieta-limonka-sklep-150x150.png 150w, https:\/\/simplekombucha.pl\/wp-content\/uploads\/2024\/04\/butelka-simple-kombucha-smak-mieta-limonka-sklep-768x768.png 768w, https:\/\/simplekombucha.pl\/wp-content\/uploads\/2024\/04\/butelka-simple-kombucha-smak-mieta-limonka-sklep-600x600.png 600w, https:\/\/simplekombucha.pl\/wp-content\/uploads\/2024\/04\/butelka-simple-kombucha-smak-mieta-limonka-sklep-100x100.png 100w, https:\/\/simplekombucha.pl\/wp-content\/uploads\/2024\/04\/butelka-simple-kombucha-smak-mieta-limonka-sklep.png 800w\" sizes=\"(max-width: 300px) 100vw, 300px\" \/><\/a><\/div><div class=\"product-loop-content text-center\">\t\t<h2 class=\"woocommerce-loop-product__title\">\n\t\t\t<a href=\"https:\/\/simplekombucha.pl\/index.php\/product\/10-x-kombucha-mieta-limonka\/\" class=\"woocommerce-LoopProduct-link woocommerce-loop-product__link\">10 X KOMBUCHA MI\u0118TA LIMONKA<\/a>\t\t<\/h2>\n\t\t<div class=\"product-loop-meta \"><div class=\"animated-meta\">\t\t\t<span class=\"price\"><span class=\"woocommerce-Price-amount amount\">90<span class=\"woocommerce-Price-currencySymbol\">&#122;&#322;<\/span><\/span><\/span>\n\t\t\t<a href=\"?add-to-cart=2261\" aria-describedby=\"woocommerce_loop_add_to_cart_link_describedby_2261\" data-quantity=\"1\" class=\"ti-shopping-cart loop-add-to-cart-btn button product_type_simple add_to_cart_button ajax_add_to_cart\" data-product_id=\"2261\" data-product_sku=\"\" title=\"Dodaj do koszyka: &bdquo;10 X KOMBUCHA MI\u0118TA LIMONKA&rdquo;\" rel=\"nofollow\">Dodaj do koszyka<\/a>\t<span id=\"woocommerce_loop_add_to_cart_link_describedby_2261\" class=\"screen-reader-text\">\n\t\t\t<\/span>\n<\/div><\/div><\/div>\t\t<\/div>\n\t\t<\/li>\n<li class=\"product type-product post-2259 status-publish instock product_cat-uncategorized has-post-thumbnail shipping-taxable purchasable product-type-simple\">\n\t\t\t<div class=\"product-loop-wrapper\">\n\t\t<div class=\"product-loop-image-wrapper\">\t\t<div class=\"product-loop-action\"><\/div>\n\t\t<a href=\"https:\/\/simplekombucha.pl\/index.php\/product\/10-x-kombucha-ananas\/\" class=\"woocommerce-LoopProduct-link woocommerce-loop-product__link\"><img decoding=\"async\" width=\"300\" height=\"300\" src=\"https:\/\/simplekombucha.pl\/wp-content\/uploads\/2024\/04\/butelka-simple-kombucha-smak-ananas-sklep-300x300.png\" class=\"attachment-woocommerce_thumbnail size-woocommerce_thumbnail product-loop-image\" alt=\"Product image\" srcset=\"https:\/\/simplekombucha.pl\/wp-content\/uploads\/2024\/04\/butelka-simple-kombucha-smak-ananas-sklep-300x300.png 300w, https:\/\/simplekombucha.pl\/wp-content\/uploads\/2024\/04\/butelka-simple-kombucha-smak-ananas-sklep-150x150.png 150w, https:\/\/simplekombucha.pl\/wp-content\/uploads\/2024\/04\/butelka-simple-kombucha-smak-ananas-sklep-768x768.png 768w, https:\/\/simplekombucha.pl\/wp-content\/uploads\/2024\/04\/butelka-simple-kombucha-smak-ananas-sklep-600x600.png 600w, https:\/\/simplekombucha.pl\/wp-content\/uploads\/2024\/04\/butelka-simple-kombucha-smak-ananas-sklep-100x100.png 100w, https:\/\/simplekombucha.pl\/wp-content\/uploads\/2024\/04\/butelka-simple-kombucha-smak-ananas-sklep.png 800w\" sizes=\"(max-width: 300px) 100vw, 300px\" \/><\/a><\/div><div class=\"product-loop-content text-center\">\t\t<h2 class=\"woocommerce-loop-product__title\">\n\t\t\t<a href=\"https:\/\/simplekombucha.pl\/index.php\/product\/10-x-kombucha-ananas\/\" class=\"woocommerce-LoopProduct-link woocommerce-loop-product__link\">10 x KOMBUCHA ANANAS<\/a>\t\t<\/h2>\n\t\t<div class=\"product-loop-meta \"><div class=\"animated-meta\">\t\t\t<span class=\"price\"><span class=\"woocommerce-Price-amount amount\">90<span class=\"woocommerce-Price-currencySymbol\">&#122;&#322;<\/span><\/span><\/span>\n\t\t\t<a href=\"?add-to-cart=2259\" aria-describedby=\"woocommerce_loop_add_to_cart_link_describedby_2259\" data-quantity=\"1\" class=\"ti-shopping-cart loop-add-to-cart-btn button product_type_simple add_to_cart_button ajax_add_to_cart\" data-product_id=\"2259\" data-product_sku=\"\" title=\"Dodaj do koszyka: &bdquo;10 x KOMBUCHA ANANAS&rdquo;\" rel=\"nofollow\">Dodaj do koszyka<\/a>\t<span id=\"woocommerce_loop_add_to_cart_link_describedby_2259\" class=\"screen-reader-text\">\n\t\t\t<\/span>\n<\/div><\/div><\/div>\t\t<\/div>\n\t\t<\/li>\n<li class=\"product type-product post-1560 status-publish instock product_cat-uncategorized has-post-thumbnail shipping-taxable purchasable product-type-simple\">\n\t\t\t<div class=\"product-loop-wrapper\">\n\t\t<div class=\"product-loop-image-wrapper\">\t\t<div class=\"product-loop-action\"><\/div>\n\t\t<a href=\"https:\/\/simplekombucha.pl\/index.php\/product\/kombucha-zielona-herbata\/\" class=\"woocommerce-LoopProduct-link woocommerce-loop-product__link\"><img decoding=\"async\" width=\"300\" height=\"300\" src=\"https:\/\/simplekombucha.pl\/wp-content\/uploads\/2021\/04\/butelka-simple-kombucha-smak-zielona-herbata-sklep-300x300.png\" class=\"attachment-woocommerce_thumbnail size-woocommerce_thumbnail product-loop-image\" alt=\"butelka simple kombucha o smaku zielonej herbaty\" srcset=\"https:\/\/simplekombucha.pl\/wp-content\/uploads\/2021\/04\/butelka-simple-kombucha-smak-zielona-herbata-sklep-300x300.png 300w, https:\/\/simplekombucha.pl\/wp-content\/uploads\/2021\/04\/butelka-simple-kombucha-smak-zielona-herbata-sklep-150x150.png 150w, https:\/\/simplekombucha.pl\/wp-content\/uploads\/2021\/04\/butelka-simple-kombucha-smak-zielona-herbata-sklep-768x768.png 768w, https:\/\/simplekombucha.pl\/wp-content\/uploads\/2021\/04\/butelka-simple-kombucha-smak-zielona-herbata-sklep-600x600.png 600w, https:\/\/simplekombucha.pl\/wp-content\/uploads\/2021\/04\/butelka-simple-kombucha-smak-zielona-herbata-sklep-100x100.png 100w, https:\/\/simplekombucha.pl\/wp-content\/uploads\/2021\/04\/butelka-simple-kombucha-smak-zielona-herbata-sklep.png 800w\" sizes=\"(max-width: 300px) 100vw, 300px\" \/><\/a><\/div><div class=\"product-loop-content text-center\">\t\t<h2 class=\"woocommerce-loop-product__title\">\n\t\t\t<a href=\"https:\/\/simplekombucha.pl\/index.php\/product\/kombucha-zielona-herbata\/\" class=\"woocommerce-LoopProduct-link woocommerce-loop-product__link\">10 x KOMBUCHA ZIELONA HERBATA<\/a>\t\t<\/h2>\n\t\t<div class=\"product-loop-meta \"><div class=\"animated-meta\">\t\t\t<span class=\"price\"><span class=\"woocommerce-Price-amount amount\">90<span class=\"woocommerce-Price-currencySymbol\">&#122;&#322;<\/span><\/span><\/span>\n\t\t\t<a href=\"?add-to-cart=1560\" aria-describedby=\"woocommerce_loop_add_to_cart_link_describedby_1560\" data-quantity=\"1\" class=\"ti-shopping-cart loop-add-to-cart-btn button product_type_simple add_to_cart_button ajax_add_to_cart\" data-product_id=\"1560\" data-product_sku=\"\" title=\"Dodaj do koszyka: &bdquo;10 x KOMBUCHA ZIELONA HERBATA&rdquo;\" rel=\"nofollow\">Dodaj do koszyka<\/a>\t<span id=\"woocommerce_loop_add_to_cart_link_describedby_1560\" class=\"screen-reader-text\">\n\t\t\t<\/span>\n<\/div><\/div><\/div>\t\t<\/div>\n\t\t<\/li>\n<li class=\"product type-product post-113 status-publish last instock product_cat-uncategorized has-post-thumbnail shipping-taxable purchasable product-type-simple\">\n\t\t\t<div class=\"product-loop-wrapper\">\n\t\t<div class=\"product-loop-image-wrapper\">\t\t<div class=\"product-loop-action\"><\/div>\n\t\t<a href=\"https:\/\/simplekombucha.pl\/index.php\/product\/kombucha-dziki-bez-cytryna\/\" class=\"woocommerce-LoopProduct-link woocommerce-loop-product__link\"><img loading=\"lazy\" decoding=\"async\" width=\"300\" height=\"300\" src=\"https:\/\/simplekombucha.pl\/wp-content\/uploads\/2021\/04\/butelka-simple-kombucha-smak-bez-cytryna-sklep-300x300.png\" class=\"attachment-woocommerce_thumbnail size-woocommerce_thumbnail product-loop-image\" alt=\"butelka simple kombucha o smaku dzikiego bzu i cytryny\" srcset=\"https:\/\/simplekombucha.pl\/wp-content\/uploads\/2021\/04\/butelka-simple-kombucha-smak-bez-cytryna-sklep-300x300.png 300w, https:\/\/simplekombucha.pl\/wp-content\/uploads\/2021\/04\/butelka-simple-kombucha-smak-bez-cytryna-sklep-150x150.png 150w, https:\/\/simplekombucha.pl\/wp-content\/uploads\/2021\/04\/butelka-simple-kombucha-smak-bez-cytryna-sklep-768x768.png 768w, https:\/\/simplekombucha.pl\/wp-content\/uploads\/2021\/04\/butelka-simple-kombucha-smak-bez-cytryna-sklep-600x600.png 600w, https:\/\/simplekombucha.pl\/wp-content\/uploads\/2021\/04\/butelka-simple-kombucha-smak-bez-cytryna-sklep-100x100.png 100w, https:\/\/simplekombucha.pl\/wp-content\/uploads\/2021\/04\/butelka-simple-kombucha-smak-bez-cytryna-sklep.png 800w\" sizes=\"(max-width: 300px) 100vw, 300px\" \/><\/a><\/div><div class=\"product-loop-content text-center\">\t\t<h2 class=\"woocommerce-loop-product__title\">\n\t\t\t<a href=\"https:\/\/simplekombucha.pl\/index.php\/product\/kombucha-dziki-bez-cytryna\/\" class=\"woocommerce-LoopProduct-link woocommerce-loop-product__link\">10 x KOMBUCHA DZIKI BEZ I CYTRYNA<\/a>\t\t<\/h2>\n\t\t<div class=\"product-loop-meta \"><div class=\"animated-meta\">\t\t\t<span class=\"price\"><span class=\"woocommerce-Price-amount amount\">90<span class=\"woocommerce-Price-currencySymbol\">&#122;&#322;<\/span><\/span><\/span>\n\t\t\t<a href=\"?add-to-cart=113\" aria-describedby=\"woocommerce_loop_add_to_cart_link_describedby_113\" data-quantity=\"1\" class=\"ti-shopping-cart loop-add-to-cart-btn button product_type_simple add_to_cart_button ajax_add_to_cart\" data-product_id=\"113\" data-product_sku=\"\" title=\"Dodaj do koszyka: &bdquo;10 x KOMBUCHA DZIKI BEZ I CYTRYNA&rdquo;\" rel=\"nofollow\">Dodaj do koszyka<\/a>\t<span id=\"woocommerce_loop_add_to_cart_link_describedby_113\" class=\"screen-reader-text\">\n\t\t\t<\/span>\n<\/div><\/div><\/div>\t\t<\/div>\n\t\t<\/li>\n<li class=\"product type-product post-1600 status-publish first instock product_cat-uncategorized has-post-thumbnail shipping-taxable purchasable product-type-simple\">\n\t\t\t<div class=\"product-loop-wrapper\">\n\t\t<div class=\"product-loop-image-wrapper\">\t\t<div class=\"product-loop-action\"><\/div>\n\t\t<a href=\"https:\/\/simplekombucha.pl\/index.php\/product\/kombucha-malina-hibuskus\/\" class=\"woocommerce-LoopProduct-link woocommerce-loop-product__link\"><img loading=\"lazy\" decoding=\"async\" width=\"300\" height=\"300\" src=\"https:\/\/simplekombucha.pl\/wp-content\/uploads\/2021\/04\/butelka-simple-kombucha-smak-malina-hibiskus-sklep-300x300.png\" class=\"attachment-woocommerce_thumbnail size-woocommerce_thumbnail product-loop-image\" alt=\"butelka simple kombucha o smaku maliny i hibiskusa\" srcset=\"https:\/\/simplekombucha.pl\/wp-content\/uploads\/2021\/04\/butelka-simple-kombucha-smak-malina-hibiskus-sklep-300x300.png 300w, https:\/\/simplekombucha.pl\/wp-content\/uploads\/2021\/04\/butelka-simple-kombucha-smak-malina-hibiskus-sklep-150x150.png 150w, https:\/\/simplekombucha.pl\/wp-content\/uploads\/2021\/04\/butelka-simple-kombucha-smak-malina-hibiskus-sklep-768x768.png 768w, https:\/\/simplekombucha.pl\/wp-content\/uploads\/2021\/04\/butelka-simple-kombucha-smak-malina-hibiskus-sklep-600x600.png 600w, https:\/\/simplekombucha.pl\/wp-content\/uploads\/2021\/04\/butelka-simple-kombucha-smak-malina-hibiskus-sklep-100x100.png 100w, https:\/\/simplekombucha.pl\/wp-content\/uploads\/2021\/04\/butelka-simple-kombucha-smak-malina-hibiskus-sklep.png 800w\" sizes=\"(max-width: 300px) 100vw, 300px\" \/><\/a><\/div><div class=\"product-loop-content text-center\">\t\t<h2 class=\"woocommerce-loop-product__title\">\n\t\t\t<a href=\"https:\/\/simplekombucha.pl\/index.php\/product\/kombucha-malina-hibuskus\/\" class=\"woocommerce-LoopProduct-link woocommerce-loop-product__link\">10 x KOMBUCHA MALINA I HIBISKUS<\/a>\t\t<\/h2>\n\t\t<div class=\"product-loop-meta \"><div class=\"animated-meta\">\t\t\t<span class=\"price\"><span class=\"woocommerce-Price-amount amount\">90<span class=\"woocommerce-Price-currencySymbol\">&#122;&#322;<\/span><\/span><\/span>\n\t\t\t<a href=\"?add-to-cart=1600\" aria-describedby=\"woocommerce_loop_add_to_cart_link_describedby_1600\" data-quantity=\"1\" class=\"ti-shopping-cart loop-add-to-cart-btn button product_type_simple add_to_cart_button ajax_add_to_cart\" data-product_id=\"1600\" data-product_sku=\"\" title=\"Dodaj do koszyka: &bdquo;10 x KOMBUCHA MALINA I HIBISKUS&rdquo;\" rel=\"nofollow\">Dodaj do koszyka<\/a>\t<span id=\"woocommerce_loop_add_to_cart_link_describedby_1600\" class=\"screen-reader-text\">\n\t\t\t<\/span>\n<\/div><\/div><\/div>\t\t<\/div>\n\t\t<\/li>\n<li class=\"product type-product post-1759 status-publish instock product_cat-uncategorized has-post-thumbnail shipping-taxable purchasable product-type-simple\">\n\t\t\t<div class=\"product-loop-wrapper\">\n\t\t<div class=\"product-loop-image-wrapper\">\t\t<div class=\"product-loop-action\"><\/div>\n\t\t<a href=\"https:\/\/simplekombucha.pl\/index.php\/product\/10-x-kombucha-dowolny-mix-smakow\/\" class=\"woocommerce-LoopProduct-link woocommerce-loop-product__link\"><img loading=\"lazy\" decoding=\"async\" width=\"300\" height=\"300\" src=\"https:\/\/simplekombucha.pl\/wp-content\/uploads\/2021\/05\/zestaw-simple-kombucha-smaki-zielona-herbata-dziki-bez-cytryna-malina-hibiskus-300x300.png\" class=\"attachment-woocommerce_thumbnail size-woocommerce_thumbnail product-loop-image\" alt=\"butelki Simple Kombucha o smaku zielonej herbaty, mailny z hibiskusem i dzikiego bzu z cytryn\u0105\" srcset=\"https:\/\/simplekombucha.pl\/wp-content\/uploads\/2021\/05\/zestaw-simple-kombucha-smaki-zielona-herbata-dziki-bez-cytryna-malina-hibiskus-300x300.png 300w, https:\/\/simplekombucha.pl\/wp-content\/uploads\/2021\/05\/zestaw-simple-kombucha-smaki-zielona-herbata-dziki-bez-cytryna-malina-hibiskus-150x150.png 150w, https:\/\/simplekombucha.pl\/wp-content\/uploads\/2021\/05\/zestaw-simple-kombucha-smaki-zielona-herbata-dziki-bez-cytryna-malina-hibiskus-768x768.png 768w, https:\/\/simplekombucha.pl\/wp-content\/uploads\/2021\/05\/zestaw-simple-kombucha-smaki-zielona-herbata-dziki-bez-cytryna-malina-hibiskus-600x600.png 600w, https:\/\/simplekombucha.pl\/wp-content\/uploads\/2021\/05\/zestaw-simple-kombucha-smaki-zielona-herbata-dziki-bez-cytryna-malina-hibiskus-100x100.png 100w, https:\/\/simplekombucha.pl\/wp-content\/uploads\/2021\/05\/zestaw-simple-kombucha-smaki-zielona-herbata-dziki-bez-cytryna-malina-hibiskus.png 1000w\" sizes=\"(max-width: 300px) 100vw, 300px\" \/><\/a><\/div><div class=\"product-loop-content text-center\">\t\t<h2 class=\"woocommerce-loop-product__title\">\n\t\t\t<a href=\"https:\/\/simplekombucha.pl\/index.php\/product\/10-x-kombucha-dowolny-mix-smakow\/\" class=\"woocommerce-LoopProduct-link woocommerce-loop-product__link\">10 x KOMBUCHA (DOWOLNY MIX SMAK\u00d3W)<\/a>\t\t<\/h2>\n\t\t<div class=\"product-loop-meta \"><div class=\"animated-meta\">\t\t\t<span class=\"price\"><span class=\"woocommerce-Price-amount amount\">90<span class=\"woocommerce-Price-currencySymbol\">&#122;&#322;<\/span><\/span><\/span>\n\t\t\t<a href=\"?add-to-cart=1759\" aria-describedby=\"woocommerce_loop_add_to_cart_link_describedby_1759\" data-quantity=\"1\" class=\"ti-shopping-cart loop-add-to-cart-btn button product_type_simple add_to_cart_button ajax_add_to_cart\" data-product_id=\"1759\" data-product_sku=\"\" title=\"Dodaj do koszyka: &bdquo;10 x KOMBUCHA (DOWOLNY MIX SMAK\u00d3W)&rdquo;\" rel=\"nofollow\">Dodaj do koszyka<\/a>\t<span id=\"woocommerce_loop_add_to_cart_link_describedby_1759\" class=\"screen-reader-text\">\n\t\t\t<\/span>\n<\/div><\/div><\/div>\t\t<\/div>\n\t\t<\/li>\n<li class=\"product type-product post-1993 status-publish instock product_cat-uncategorized has-post-thumbnail shipping-taxable purchasable product-type-simple\">\n\t\t\t<div class=\"product-loop-wrapper\">\n\t\t<div class=\"product-loop-image-wrapper\">\t\t<div class=\"product-loop-action\"><\/div>\n\t\t<a href=\"https:\/\/simplekombucha.pl\/index.php\/product\/3-x-kombucha\/\" class=\"woocommerce-LoopProduct-link woocommerce-loop-product__link\"><img loading=\"lazy\" decoding=\"async\" width=\"300\" height=\"300\" src=\"https:\/\/simplekombucha.pl\/wp-content\/uploads\/2020\/03\/kombucha-simple-3-pak-smaki-malina-hibiskus-herbata-zielona-bez-cytryna-sklep-300x300.png\" class=\"attachment-woocommerce_thumbnail size-woocommerce_thumbnail product-loop-image\" alt=\"tr\u00f3jpak Simple kombucha z r\u00f3\u017cnymi smakami\" srcset=\"https:\/\/simplekombucha.pl\/wp-content\/uploads\/2020\/03\/kombucha-simple-3-pak-smaki-malina-hibiskus-herbata-zielona-bez-cytryna-sklep-300x300.png 300w, https:\/\/simplekombucha.pl\/wp-content\/uploads\/2020\/03\/kombucha-simple-3-pak-smaki-malina-hibiskus-herbata-zielona-bez-cytryna-sklep-150x150.png 150w, https:\/\/simplekombucha.pl\/wp-content\/uploads\/2020\/03\/kombucha-simple-3-pak-smaki-malina-hibiskus-herbata-zielona-bez-cytryna-sklep-768x768.png 768w, https:\/\/simplekombucha.pl\/wp-content\/uploads\/2020\/03\/kombucha-simple-3-pak-smaki-malina-hibiskus-herbata-zielona-bez-cytryna-sklep-600x600.png 600w, https:\/\/simplekombucha.pl\/wp-content\/uploads\/2020\/03\/kombucha-simple-3-pak-smaki-malina-hibiskus-herbata-zielona-bez-cytryna-sklep-100x100.png 100w, https:\/\/simplekombucha.pl\/wp-content\/uploads\/2020\/03\/kombucha-simple-3-pak-smaki-malina-hibiskus-herbata-zielona-bez-cytryna-sklep.png 827w\" sizes=\"(max-width: 300px) 100vw, 300px\" \/><\/a><\/div><div class=\"product-loop-content text-center\">\t\t<h2 class=\"woocommerce-loop-product__title\">\n\t\t\t<a href=\"https:\/\/simplekombucha.pl\/index.php\/product\/3-x-kombucha\/\" class=\"woocommerce-LoopProduct-link woocommerce-loop-product__link\">3 x KOMBUCHA (DOWOLNY MIX SMAK\u00d3W)<\/a>\t\t<\/h2>\n\t\t<div class=\"product-loop-meta \"><div class=\"animated-meta\">\t\t\t<span class=\"price\"><span class=\"woocommerce-Price-amount amount\">29<span class=\"woocommerce-Price-currencySymbol\">&#122;&#322;<\/span><\/span><\/span>\n\t\t\t<a href=\"?add-to-cart=1993\" aria-describedby=\"woocommerce_loop_add_to_cart_link_describedby_1993\" data-quantity=\"1\" class=\"ti-shopping-cart loop-add-to-cart-btn button product_type_simple add_to_cart_button ajax_add_to_cart\" data-product_id=\"1993\" data-product_sku=\"\" title=\"Dodaj do koszyka: &bdquo;3 x KOMBUCHA (DOWOLNY MIX SMAK\u00d3W)&rdquo;\" rel=\"nofollow\">Dodaj do koszyka<\/a>\t<span id=\"woocommerce_loop_add_to_cart_link_describedby_1993\" class=\"screen-reader-text\">\n\t\t\t<\/span>\n<\/div><\/div><\/div>\t\t<\/div>\n\t\t<\/li>\n<\/ul>\n<\/div><\/div>\n\t\t\t\t\t\t<\/div>\n\t\t\t\t<\/div>\n\t\t\t\t\t<\/div>\n\t\t<\/div>\n\t\t\t\t\t<\/div>\n\t\t<\/section>\n\t\t\t\t<\/div>\n\t\t","protected":false},"excerpt":{"rendered":"","protected":false},"author":1,"featured_media":0,"parent":0,"menu_order":0,"comment_status":"closed","ping_status":"closed","template":"","meta":{"footnotes":""},"class_list":["post-590","page","type-page","status-publish","hentry"],"_links":{"self":[{"href":"https:\/\/simplekombucha.pl\/index.php\/wp-json\/wp\/v2\/pages\/590"}],"collection":[{"href":"https:\/\/simplekombucha.pl\/index.php\/wp-json\/wp\/v2\/pages"}],"about":[{"href":"https:\/\/simplekombucha.pl\/index.php\/wp-json\/wp\/v2\/types\/page"}],"author":[{"embeddable":true,"href":"https:\/\/simplekombucha.pl\/index.php\/wp-json\/wp\/v2\/users\/1"}],"replies":[{"embeddable":true,"href":"https:\/\/simplekombucha.pl\/index.php\/wp-json\/wp\/v2\/comments?post=590"}],"version-history":[{"count":12,"href":"https:\/\/simplekombucha.pl\/index.php\/wp-json\/wp\/v2\/pages\/590\/revisions"}],"predecessor-version":[{"id":1763,"href":"https:\/\/simplekombucha.pl\/index.php\/wp-json\/wp\/v2\/pages\/590\/revisions\/1763"}],"wp:attachment":[{"href":"https:\/\/simplekombucha.pl\/index.php\/wp-json\/wp\/v2\/media?parent=590"}],"curies":[{"name":"wp","href":"https:\/\/api.w.org\/{rel}","templated":true}]}}