{"id":113,"date":"2021-04-04T02:29:02","date_gmt":"2021-04-04T00:29:02","guid":{"rendered":"https:\/\/woostify.com\/demos\/fashion1\/?post_type=product&#038;p=113"},"modified":"2026-04-26T13:42:44","modified_gmt":"2026-04-26T11:42:44","slug":"kombucha-dziki-bez-cytryna","status":"publish","type":"product","link":"https:\/\/simplekombucha.pl\/index.php\/product\/kombucha-dziki-bez-cytryna\/","title":{"rendered":"10 x KOMBUCHA DZIKI BEZ I CYTRYNA"},"content":{"rendered":"","protected":false},"excerpt":{"rendered":"<p>Poczuj smak wiosny pachn\u0105cej dzikim bzem i \u015bwie\u017cej jak cytryna. Ten smak przywraca wspomnienia ciep\u0142ych wiosennych dni.<\/p>\n<p>ZESTAW 10 SZTUK<\/p>\n","protected":false},"featured_media":1748,"comment_status":"open","ping_status":"closed","template":"","meta":[],"product_brand":[],"product_cat":[15],"product_tag":[],"class_list":{"0":"post-113","1":"product","2":"type-product","3":"status-publish","4":"has-post-thumbnail","6":"product_cat-uncategorized","8":"first","9":"instock","10":"shipping-taxable","11":"purchasable","12":"product-type-simple"},"_links":{"self":[{"href":"https:\/\/simplekombucha.pl\/index.php\/wp-json\/wp\/v2\/product\/113"}],"collection":[{"href":"https:\/\/simplekombucha.pl\/index.php\/wp-json\/wp\/v2\/product"}],"about":[{"href":"https:\/\/simplekombucha.pl\/index.php\/wp-json\/wp\/v2\/types\/product"}],"replies":[{"embeddable":true,"href":"https:\/\/simplekombucha.pl\/index.php\/wp-json\/wp\/v2\/comments?post=113"}],"wp:featuredmedia":[{"embeddable":true,"href":"https:\/\/simplekombucha.pl\/index.php\/wp-json\/wp\/v2\/media\/1748"}],"wp:attachment":[{"href":"https:\/\/simplekombucha.pl\/index.php\/wp-json\/wp\/v2\/media?parent=113"}],"wp:term":[{"taxonomy":"product_brand","embeddable":true,"href":"https:\/\/simplekombucha.pl\/index.php\/wp-json\/wp\/v2\/product_brand?post=113"},{"taxonomy":"product_cat","embeddable":true,"href":"https:\/\/simplekombucha.pl\/index.php\/wp-json\/wp\/v2\/product_cat?post=113"},{"taxonomy":"product_tag","embeddable":true,"href":"https:\/\/simplekombucha.pl\/index.php\/wp-json\/wp\/v2\/product_tag?post=113"}],"curies":[{"name":"wp","href":"https:\/\/api.w.org\/{rel}","templated":true}]}}