{"id":1600,"date":"2021-03-08T15:19:18","date_gmt":"2021-03-08T14:19:18","guid":{"rendered":"https:\/\/simplekombucha.pl\/?post_type=product&#038;p=1600"},"modified":"2026-04-26T04:24:40","modified_gmt":"2026-04-26T02:24:40","slug":"kombucha-malina-hibuskus","status":"publish","type":"product","link":"https:\/\/simplekombucha.pl\/index.php\/product\/kombucha-malina-hibuskus\/","title":{"rendered":"10 x KOMBUCHA MALINA I HIBISKUS"},"content":{"rendered":"","protected":false},"excerpt":{"rendered":"<p>Po\u0142\u0105czyli\u015bmy s\u0142odki smak dojrzewaj\u0105cych w letnim s\u0142o\u0144cu malin z kwaskowatym smakiem kwiat\u00f3w hibiskusa. Poczuj tradycyjny smak malin w nietradycyjnej formie.<\/p>\n<p>ZESTAW 10 SZTUK<\/p>\n","protected":false},"featured_media":1750,"comment_status":"open","ping_status":"closed","template":"","meta":[],"product_brand":[],"product_cat":[15],"product_tag":[],"class_list":{"0":"post-1600","1":"product","2":"type-product","3":"status-publish","4":"has-post-thumbnail","6":"product_cat-uncategorized","8":"first","9":"instock","10":"shipping-taxable","11":"purchasable","12":"product-type-simple"},"_links":{"self":[{"href":"https:\/\/simplekombucha.pl\/index.php\/wp-json\/wp\/v2\/product\/1600"}],"collection":[{"href":"https:\/\/simplekombucha.pl\/index.php\/wp-json\/wp\/v2\/product"}],"about":[{"href":"https:\/\/simplekombucha.pl\/index.php\/wp-json\/wp\/v2\/types\/product"}],"replies":[{"embeddable":true,"href":"https:\/\/simplekombucha.pl\/index.php\/wp-json\/wp\/v2\/comments?post=1600"}],"wp:featuredmedia":[{"embeddable":true,"href":"https:\/\/simplekombucha.pl\/index.php\/wp-json\/wp\/v2\/media\/1750"}],"wp:attachment":[{"href":"https:\/\/simplekombucha.pl\/index.php\/wp-json\/wp\/v2\/media?parent=1600"}],"wp:term":[{"taxonomy":"product_brand","embeddable":true,"href":"https:\/\/simplekombucha.pl\/index.php\/wp-json\/wp\/v2\/product_brand?post=1600"},{"taxonomy":"product_cat","embeddable":true,"href":"https:\/\/simplekombucha.pl\/index.php\/wp-json\/wp\/v2\/product_cat?post=1600"},{"taxonomy":"product_tag","embeddable":true,"href":"https:\/\/simplekombucha.pl\/index.php\/wp-json\/wp\/v2\/product_tag?post=1600"}],"curies":[{"name":"wp","href":"https:\/\/api.w.org\/{rel}","templated":true}]}}