{"id":1993,"date":"2020-03-08T16:46:46","date_gmt":"2020-03-08T15:46:46","guid":{"rendered":"https:\/\/simplekombucha.pl\/?post_type=product&#038;p=1993"},"modified":"2025-01-07T14:23:07","modified_gmt":"2025-01-07T13:23:07","slug":"3-x-kombucha","status":"publish","type":"product","link":"https:\/\/simplekombucha.pl\/index.php\/product\/3-x-kombucha\/","title":{"rendered":"3 x KOMBUCHA (DOWOLNY MIX SMAK\u00d3W)"},"content":{"rendered":"","protected":false},"excerpt":{"rendered":"<p>Chcesz zam\u00f3wi\u0107 r\u00f3\u017cne smaki razem? Teraz mo\u017cesz!<\/p>\n<p>DOBIERZ W\u0141ASNY ZESTAW 3 SZTUK R\u00d3\u017bNYCH SMAK\u00d3W<br \/>\nPodaj wybrane ilo\u015b\u0107 i rodzaje w uwagach do zam\u00f3wienia (pami\u0119taj, \u017ceby razem by\u0142o 3).<\/p>\n<p>&nbsp;<\/p>\n<p>Do wyboru:<br \/>\n<strong>Zielona Herbata<\/strong><br \/>\n<strong>Dziki Bez i Cytryna<\/strong><br \/>\n<strong>Malina i Hibiskus<br \/>\nMi\u0119ta i Limonka<br \/>\nAnanas<\/strong><\/p>\n","protected":false},"featured_media":1995,"comment_status":"open","ping_status":"closed","template":"","meta":[],"product_brand":[],"product_cat":[15],"product_tag":[],"class_list":{"0":"post-1993","1":"product","2":"type-product","3":"status-publish","4":"has-post-thumbnail","6":"product_cat-uncategorized","8":"first","9":"instock","10":"shipping-taxable","11":"purchasable","12":"product-type-simple"},"_links":{"self":[{"href":"https:\/\/simplekombucha.pl\/index.php\/wp-json\/wp\/v2\/product\/1993"}],"collection":[{"href":"https:\/\/simplekombucha.pl\/index.php\/wp-json\/wp\/v2\/product"}],"about":[{"href":"https:\/\/simplekombucha.pl\/index.php\/wp-json\/wp\/v2\/types\/product"}],"replies":[{"embeddable":true,"href":"https:\/\/simplekombucha.pl\/index.php\/wp-json\/wp\/v2\/comments?post=1993"}],"wp:featuredmedia":[{"embeddable":true,"href":"https:\/\/simplekombucha.pl\/index.php\/wp-json\/wp\/v2\/media\/1995"}],"wp:attachment":[{"href":"https:\/\/simplekombucha.pl\/index.php\/wp-json\/wp\/v2\/media?parent=1993"}],"wp:term":[{"taxonomy":"product_brand","embeddable":true,"href":"https:\/\/simplekombucha.pl\/index.php\/wp-json\/wp\/v2\/product_brand?post=1993"},{"taxonomy":"product_cat","embeddable":true,"href":"https:\/\/simplekombucha.pl\/index.php\/wp-json\/wp\/v2\/product_cat?post=1993"},{"taxonomy":"product_tag","embeddable":true,"href":"https:\/\/simplekombucha.pl\/index.php\/wp-json\/wp\/v2\/product_tag?post=1993"}],"curies":[{"name":"wp","href":"https:\/\/api.w.org\/{rel}","templated":true}]}}