{"id":2259,"date":"2024-04-29T13:16:12","date_gmt":"2024-04-29T11:16:12","guid":{"rendered":"https:\/\/simplekombucha.pl\/?post_type=product&#038;p=2259"},"modified":"2026-04-26T13:42:16","modified_gmt":"2026-04-26T11:42:16","slug":"10-x-kombucha-ananas","status":"publish","type":"product","link":"https:\/\/simplekombucha.pl\/index.php\/product\/10-x-kombucha-ananas\/","title":{"rendered":"10 x KOMBUCHA ANANAS"},"content":{"rendered":"","protected":false},"excerpt":{"rendered":"<p>Przenie\u015b si\u0119 w tropiki. Idealne po\u0142\u0105czenie s\u0142odkiego ananasa z kwaskowo\u015bci\u0105 kombuchy!<\/p>\n<p>ZESTAW 10 SZTUK<\/p>\n","protected":false},"featured_media":2260,"comment_status":"open","ping_status":"closed","template":"","meta":[],"product_brand":[],"product_cat":[15],"product_tag":[],"class_list":{"0":"post-2259","1":"product","2":"type-product","3":"status-publish","4":"has-post-thumbnail","6":"product_cat-uncategorized","8":"first","9":"instock","10":"shipping-taxable","11":"purchasable","12":"product-type-simple"},"_links":{"self":[{"href":"https:\/\/simplekombucha.pl\/index.php\/wp-json\/wp\/v2\/product\/2259"}],"collection":[{"href":"https:\/\/simplekombucha.pl\/index.php\/wp-json\/wp\/v2\/product"}],"about":[{"href":"https:\/\/simplekombucha.pl\/index.php\/wp-json\/wp\/v2\/types\/product"}],"replies":[{"embeddable":true,"href":"https:\/\/simplekombucha.pl\/index.php\/wp-json\/wp\/v2\/comments?post=2259"}],"wp:featuredmedia":[{"embeddable":true,"href":"https:\/\/simplekombucha.pl\/index.php\/wp-json\/wp\/v2\/media\/2260"}],"wp:attachment":[{"href":"https:\/\/simplekombucha.pl\/index.php\/wp-json\/wp\/v2\/media?parent=2259"}],"wp:term":[{"taxonomy":"product_brand","embeddable":true,"href":"https:\/\/simplekombucha.pl\/index.php\/wp-json\/wp\/v2\/product_brand?post=2259"},{"taxonomy":"product_cat","embeddable":true,"href":"https:\/\/simplekombucha.pl\/index.php\/wp-json\/wp\/v2\/product_cat?post=2259"},{"taxonomy":"product_tag","embeddable":true,"href":"https:\/\/simplekombucha.pl\/index.php\/wp-json\/wp\/v2\/product_tag?post=2259"}],"curies":[{"name":"wp","href":"https:\/\/api.w.org\/{rel}","templated":true}]}}