{"id":2261,"date":"2024-04-29T13:17:26","date_gmt":"2024-04-29T11:17:26","guid":{"rendered":"https:\/\/simplekombucha.pl\/?post_type=product&#038;p=2261"},"modified":"2026-04-02T01:29:12","modified_gmt":"2026-04-01T23:29:12","slug":"10-x-kombucha-mieta-limonka","status":"publish","type":"product","link":"https:\/\/simplekombucha.pl\/index.php\/product\/10-x-kombucha-mieta-limonka\/","title":{"rendered":"10 X KOMBUCHA MI\u0118TA LIMONKA"},"content":{"rendered":"","protected":false},"excerpt":{"rendered":"<p>Postaw na maksymalne orze\u017awienie! Simple Kombucha mi\u0119ta limonka to doskona\u0142y wyb\u00f3r w letnie upa\u0142y i sprawdzi si\u0119 idealnie jako bezalkoholowy zamiennik tradycyjnego moijto.<\/p>\n<p>ZESTAW 10 SZTUK<\/p>\n","protected":false},"featured_media":2262,"comment_status":"open","ping_status":"closed","template":"","meta":[],"product_brand":[],"product_cat":[15],"product_tag":[],"class_list":{"0":"post-2261","1":"product","2":"type-product","3":"status-publish","4":"has-post-thumbnail","6":"product_cat-uncategorized","8":"first","9":"instock","10":"shipping-taxable","11":"purchasable","12":"product-type-simple"},"_links":{"self":[{"href":"https:\/\/simplekombucha.pl\/index.php\/wp-json\/wp\/v2\/product\/2261"}],"collection":[{"href":"https:\/\/simplekombucha.pl\/index.php\/wp-json\/wp\/v2\/product"}],"about":[{"href":"https:\/\/simplekombucha.pl\/index.php\/wp-json\/wp\/v2\/types\/product"}],"replies":[{"embeddable":true,"href":"https:\/\/simplekombucha.pl\/index.php\/wp-json\/wp\/v2\/comments?post=2261"}],"wp:featuredmedia":[{"embeddable":true,"href":"https:\/\/simplekombucha.pl\/index.php\/wp-json\/wp\/v2\/media\/2262"}],"wp:attachment":[{"href":"https:\/\/simplekombucha.pl\/index.php\/wp-json\/wp\/v2\/media?parent=2261"}],"wp:term":[{"taxonomy":"product_brand","embeddable":true,"href":"https:\/\/simplekombucha.pl\/index.php\/wp-json\/wp\/v2\/product_brand?post=2261"},{"taxonomy":"product_cat","embeddable":true,"href":"https:\/\/simplekombucha.pl\/index.php\/wp-json\/wp\/v2\/product_cat?post=2261"},{"taxonomy":"product_tag","embeddable":true,"href":"https:\/\/simplekombucha.pl\/index.php\/wp-json\/wp\/v2\/product_tag?post=2261"}],"curies":[{"name":"wp","href":"https:\/\/api.w.org\/{rel}","templated":true}]}}